{"id":9215,"date":"2023-11-07T10:21:23","date_gmt":"2023-11-07T10:21:23","guid":{"rendered":"https:\/\/storia-antiqua.hr\/?page_id=9215"},"modified":"2023-11-07T10:22:11","modified_gmt":"2023-11-07T10:22:11","slug":"dostava","status":"publish","type":"page","link":"https:\/\/storia-antiqua.hr\/en\/dostava\/","title":{"rendered":"Delivery"},"content":{"rendered":"<div data-elementor-type=\"wp-page\" data-elementor-id=\"9215\" class=\"elementor elementor-9215\" data-elementor-post-type=\"page\">\n\t\t\t\t\t\t<section class=\"elementor-section elementor-top-section elementor-element elementor-element-82ed5de elementor-section-boxed elementor-section-height-default elementor-section-height-default\" data-id=\"82ed5de\" data-element_type=\"section\">\n\t\t\t\t\t\t<div class=\"elementor-container elementor-column-gap-wider\">\n\t\t\t\t\t<div class=\"elementor-column elementor-col-100 elementor-top-column elementor-element elementor-element-96048d8\" data-id=\"96048d8\" data-element_type=\"column\">\n\t\t\t<div class=\"elementor-widget-wrap elementor-element-populated\">\n\t\t\t\t\t\t<div class=\"elementor-element elementor-element-5a00654 elementor-widget elementor-widget-text-editor\" data-id=\"5a00654\" data-element_type=\"widget\" data-widget_type=\"text-editor.default\">\n\t\t\t\t<div class=\"elementor-widget-container\">\n\t\t\t\t\t\t\t<p>Orders can be placed online at any time of the day or night, that is, every day from 0 to 24 hours. We deliver products from our webshop via a reliable delivery service. We kindly ask you to enter your mobile phone number when ordering to receive an SMS notification with the expected delivery time so that the delivery person, if necessary, can contact you and agree to the delivery time with you.<\/p><p>Shipping information\/order status:\u00a0<strong>o slanju \/ statusu narud\u017ebe<\/strong>:<br \/>tel. +385 98 165 1665\/ e-mail:\u00a0<a href=\"mailto:info@storia-antiqua.hr\">info@storia-antiqua.hr<\/a><\/p><p>All orders received on working days (Monday - Friday) will be processed immediately, and the shipment will be delivered as soon as possible. For orders received on Saturdays, Sundays, and public holidays, the shipment will be collected on the first following working day, and the shipment will be delivered as soon as possible after collection.<\/p><p>The shipping cost will be shown on your order and invoice. Delivery costs depend on the weight of the product, the destination, and the chosen delivery method.<br \/><br \/><\/p><p>In addition to package delivery, we also offer the customer the option of picking up selected products in our store (Ul. Vladimira \u0160valba 61a, 52210, Rovinj). Payment is possible with cash or bank cards when picking up, by payment to a bank account (it is mandatory to send\/bring a confirmation of payment).<\/p><p>If we currently do not have the selected product in stock, we will contact you and agree on whether you want to cancel the order in full, or partially or wait for the product to be in stock.<\/p><p>\u00a0<\/p>\t\t\t\t\t\t<\/div>\n\t\t\t\t<\/div>\n\t\t\t\t\t<\/div>\n\t\t<\/div>\n\t\t\t\t\t<\/div>\n\t\t<\/section>\n\t\t\t\t<\/div>","protected":false},"excerpt":{"rendered":"<p>Narud\u017ebe je mogu\u0107e izvr\u0161iti internetom u bilo koje doba dana ili no\u0107i, dakle svakoga dana od 0 do 24 sata. Proizvode iz na\u0161eg web shopa dostavljamo putem pouzdane dostavne slu\u017ebe. Ljubazno vas molimo da prilikom naru\u010divanja unesete svoj broj mobitela kako biste primili SMS obavijest s o\u010dekivanim vremenom dostave i kako bi vas dostavlja\u010d, prema&hellip;<\/p>","protected":false},"author":1,"featured_media":0,"parent":0,"menu_order":50,"comment_status":"closed","ping_status":"closed","template":"","meta":{"footnotes":""},"class_list":["post-9215","page","type-page","status-publish","hentry"],"_links":{"self":[{"href":"https:\/\/storia-antiqua.hr\/en\/wp-json\/wp\/v2\/pages\/9215","targetHints":{"allow":["GET"]}}],"collection":[{"href":"https:\/\/storia-antiqua.hr\/en\/wp-json\/wp\/v2\/pages"}],"about":[{"href":"https:\/\/storia-antiqua.hr\/en\/wp-json\/wp\/v2\/types\/page"}],"author":[{"embeddable":true,"href":"https:\/\/storia-antiqua.hr\/en\/wp-json\/wp\/v2\/users\/1"}],"replies":[{"embeddable":true,"href":"https:\/\/storia-antiqua.hr\/en\/wp-json\/wp\/v2\/comments?post=9215"}],"version-history":[{"count":0,"href":"https:\/\/storia-antiqua.hr\/en\/wp-json\/wp\/v2\/pages\/9215\/revisions"}],"wp:attachment":[{"href":"https:\/\/storia-antiqua.hr\/en\/wp-json\/wp\/v2\/media?parent=9215"}],"curies":[{"name":"wp","href":"https:\/\/api.w.org\/{rel}","templated":true}]}}