{"id":12378,"date":"2024-12-13T14:54:41","date_gmt":"2024-12-13T14:54:41","guid":{"rendered":"https:\/\/storia-antiqua.hr\/?post_type=product&#038;p=12378"},"modified":"2024-12-13T15:08:02","modified_gmt":"2024-12-13T15:08:02","slug":"vintage-svicarski-zodiac-automatski-muski-sat-nekoristen-kompletan-set","status":"publish","type":"product","link":"https:\/\/storia-antiqua.hr\/en\/product\/vintage-svicarski-zodiac-automatski-muski-sat-nekoristen-kompletan-set\/","title":{"rendered":"Vintage \u0160vicarski Zodiac Automatski Mu\u0161ki Sat \u2013 Nekori\u0161ten Kompletan Set"},"content":{"rendered":"<p>Rijetki, nekori\u0161teni \u0161vicarski automatski mu\u0161ki sat marke Zodiac, dolazi s originalnom glavnom kutijom, gornjom kartonskom kutijom i knji\u017eicom sata.<\/p>\n<p>Zna\u010dajke:<\/p>\n<ul>\n<li>Otpornost na udarce (shock-resistant), vodootpornost (water-resistant) i antimagneti\u010dnost (anti-magnetic).<\/li>\n<li>Svi dijelovi su originalni, uklju\u010duju\u0107i i narukvicu.<\/li>\n<li>Nikada no\u0161en, sam sat je u savr\u0161enom i potpuno funkcionalnom stanju.<\/li>\n<\/ul>\n<p>Napomena: Originalna narukvica se tijekom godina isu\u0161ila i trusi se, no to ne umanjuje izvrsno stanje sata.<\/p>\n<p>Savr\u0161en odabir za kolekcionare i ljubitelje vrhunske \u0161vicarske izrade!<\/p>","protected":false},"excerpt":{"rendered":"<p>Rijetki, nekori\u0161teni \u0161vicarski automatski mu\u0161ki sat marke Zodiac, dolazi s originalnom glavnom kutijom, gornjom kartonskom kutijom i knji\u017eicom sata.<\/p>","protected":false},"featured_media":12379,"template":"","meta":[],"product_cat":[46],"product_tag":[291],"class_list":{"0":"post-12378","1":"product","2":"type-product","3":"status-publish","4":"has-post-thumbnail","6":"product_cat-satovi","7":"product_tag-vintage-svicarski-zodiac-automatski-muski-sat-nekoristen-kompletan-set","8":"description-off","10":"first","11":"instock","12":"shipping-taxable","13":"purchasable","14":"product-type-simple"},"_links":{"self":[{"href":"https:\/\/storia-antiqua.hr\/en\/wp-json\/wp\/v2\/product\/12378","targetHints":{"allow":["GET"]}}],"collection":[{"href":"https:\/\/storia-antiqua.hr\/en\/wp-json\/wp\/v2\/product"}],"about":[{"href":"https:\/\/storia-antiqua.hr\/en\/wp-json\/wp\/v2\/types\/product"}],"version-history":[{"count":0,"href":"https:\/\/storia-antiqua.hr\/en\/wp-json\/wp\/v2\/product\/12378\/revisions"}],"wp:featuredmedia":[{"embeddable":true,"href":"https:\/\/storia-antiqua.hr\/en\/wp-json\/wp\/v2\/media\/12379"}],"wp:attachment":[{"href":"https:\/\/storia-antiqua.hr\/en\/wp-json\/wp\/v2\/media?parent=12378"}],"wp:term":[{"taxonomy":"product_cat","embeddable":true,"href":"https:\/\/storia-antiqua.hr\/en\/wp-json\/wp\/v2\/product_cat?post=12378"},{"taxonomy":"product_tag","embeddable":true,"href":"https:\/\/storia-antiqua.hr\/en\/wp-json\/wp\/v2\/product_tag?post=12378"}],"curies":[{"name":"wp","href":"https:\/\/api.w.org\/{rel}","templated":true}]}}