{"id":12399,"date":"2024-12-13T15:10:59","date_gmt":"2024-12-13T15:10:59","guid":{"rendered":"https:\/\/storia-antiqua.hr\/?post_type=product&#038;p=12399"},"modified":"2025-04-14T14:34:03","modified_gmt":"2025-04-14T14:34:03","slug":"antikna-francuska-ormolu-kutija-za-nakit","status":"publish","type":"product","link":"https:\/\/storia-antiqua.hr\/en\/product\/antikna-francuska-ormolu-kutija-za-nakit\/","title":{"rendered":"Antikna Francuska Ormolu Kutija Za Nakit"},"content":{"rendered":"<p>Ovo je prekrasan i rijedak primjer antikne kutije za nakit iz oko 1880. godine, vjerojatno izra\u0111ene u Parizu, Francuska,<\/p>\n<p>Glavne zna\u010dajke:<\/p>\n<ul>\n<li>Ormolu (pozla\u0107eni bron\u010dani okvir) sa staklenim panelima i umetcima od sedefa.<\/li>\n<li>Na svakoj strani nalaze se ru\u010dno oslikane minijature, \u0161to dodaje iznimnu ljepotu.<\/li>\n<li>Unutra\u0161njost je oblo\u017eena pli\u0161om, \u0161to pru\u017ea luksuzan zavr\u0161ni dojam.<\/li>\n<li>Dimenzije: 18 cm duljina, 13 cm visina, 13 cm dubina.<\/li>\n<li>Uklju\u010duje gravuru s unutarnje strane<\/li>\n<\/ul>","protected":false},"excerpt":{"rendered":"<p>Ovo je prekrasan i rijedak primjer antikne kutije za nakit iz oko 1880. godine, vjerojatno izra\u0111ene u Parizu, Francuska,<\/p>","protected":false},"featured_media":12400,"template":"","meta":[],"product_cat":[48,115],"product_tag":[292],"class_list":{"0":"post-12399","1":"product","2":"type-product","3":"status-publish","4":"has-post-thumbnail","6":"product_cat-nakit","7":"product_cat-ostalo","8":"product_tag-antikna-francuska-ormolu-kutija-za-nakit","9":"description-off","11":"first","12":"outofstock","13":"shipping-taxable","14":"purchasable","15":"product-type-simple"},"_links":{"self":[{"href":"https:\/\/storia-antiqua.hr\/en\/wp-json\/wp\/v2\/product\/12399","targetHints":{"allow":["GET"]}}],"collection":[{"href":"https:\/\/storia-antiqua.hr\/en\/wp-json\/wp\/v2\/product"}],"about":[{"href":"https:\/\/storia-antiqua.hr\/en\/wp-json\/wp\/v2\/types\/product"}],"version-history":[{"count":0,"href":"https:\/\/storia-antiqua.hr\/en\/wp-json\/wp\/v2\/product\/12399\/revisions"}],"wp:featuredmedia":[{"embeddable":true,"href":"https:\/\/storia-antiqua.hr\/en\/wp-json\/wp\/v2\/media\/12400"}],"wp:attachment":[{"href":"https:\/\/storia-antiqua.hr\/en\/wp-json\/wp\/v2\/media?parent=12399"}],"wp:term":[{"taxonomy":"product_cat","embeddable":true,"href":"https:\/\/storia-antiqua.hr\/en\/wp-json\/wp\/v2\/product_cat?post=12399"},{"taxonomy":"product_tag","embeddable":true,"href":"https:\/\/storia-antiqua.hr\/en\/wp-json\/wp\/v2\/product_tag?post=12399"}],"curies":[{"name":"wp","href":"https:\/\/api.w.org\/{rel}","templated":true}]}}