{"id":12422,"date":"2024-12-13T15:13:18","date_gmt":"2024-12-13T15:13:18","guid":{"rendered":"https:\/\/storia-antiqua.hr\/?post_type=product&#038;p=12422"},"modified":"2025-04-14T14:40:32","modified_gmt":"2025-04-14T14:40:32","slug":"antikna-sveta-slicica-madone-na-bakrenoj-plocici","status":"publish","type":"product","link":"https:\/\/storia-antiqua.hr\/en\/product\/antikna-sveta-slicica-madone-na-bakrenoj-plocici\/","title":{"rendered":"Antikna Sveta Sli\u010dica Madone Na Bakrenoj Plo\u010dici"},"content":{"rendered":"<p>Prekrasna sveta sli\u010dica Madone, ru\u010dno oslikana na bakrenoj plo\u010dici i smje\u0161tena u elegantan okvir.<\/p>\n<p>Detalji:<\/p>\n<ul>\n<li>Vjerojatno potje\u010de iz Italije, sredina 19. stolje\u0107a<\/li>\n<li>Dimenzije okvira: 10.5 cm x 8.5 cm<\/li>\n<li>Dimenzije slike: 7 cm x 5 cm<\/li>\n<li>Stanje: Dobro o\u010duvano antikno stanje, s tragovima starosti koji su u skladu s povijesnom vrijedno\u0161\u0107u. Molimo pogledajte fotografije koje su dio opisa.<\/li>\n<\/ul>","protected":false},"excerpt":{"rendered":"<p>Prekrasna sveta sli\u010dica Madone, ru\u010dno oslikana na bakrenoj plo\u010dici i smje\u0161tena u elegantan okvir.<\/p>","protected":false},"featured_media":12423,"template":"","meta":[],"product_cat":[115],"product_tag":[293],"class_list":{"0":"post-12422","1":"product","2":"type-product","3":"status-publish","4":"has-post-thumbnail","6":"product_cat-ostalo","7":"product_tag-antikna-sveta-slicica-madone-na-bakrenoj-plocici","8":"description-off","10":"first","11":"outofstock","12":"shipping-taxable","13":"purchasable","14":"product-type-simple"},"_links":{"self":[{"href":"https:\/\/storia-antiqua.hr\/en\/wp-json\/wp\/v2\/product\/12422","targetHints":{"allow":["GET"]}}],"collection":[{"href":"https:\/\/storia-antiqua.hr\/en\/wp-json\/wp\/v2\/product"}],"about":[{"href":"https:\/\/storia-antiqua.hr\/en\/wp-json\/wp\/v2\/types\/product"}],"version-history":[{"count":0,"href":"https:\/\/storia-antiqua.hr\/en\/wp-json\/wp\/v2\/product\/12422\/revisions"}],"wp:featuredmedia":[{"embeddable":true,"href":"https:\/\/storia-antiqua.hr\/en\/wp-json\/wp\/v2\/media\/12423"}],"wp:attachment":[{"href":"https:\/\/storia-antiqua.hr\/en\/wp-json\/wp\/v2\/media?parent=12422"}],"wp:term":[{"taxonomy":"product_cat","embeddable":true,"href":"https:\/\/storia-antiqua.hr\/en\/wp-json\/wp\/v2\/product_cat?post=12422"},{"taxonomy":"product_tag","embeddable":true,"href":"https:\/\/storia-antiqua.hr\/en\/wp-json\/wp\/v2\/product_tag?post=12422"}],"curies":[{"name":"wp","href":"https:\/\/api.w.org\/{rel}","templated":true}]}}