{"id":12429,"date":"2024-12-13T15:15:09","date_gmt":"2024-12-13T15:15:09","guid":{"rendered":"https:\/\/storia-antiqua.hr\/?post_type=product&#038;p=12429"},"modified":"2025-04-14T14:36:33","modified_gmt":"2025-04-14T14:36:33","slug":"antikna-kutijica-za-burmut-rucno-oslikana","status":"publish","type":"product","link":"https:\/\/storia-antiqua.hr\/en\/product\/antikna-kutijica-za-burmut-rucno-oslikana\/","title":{"rendered":"Antikna Kutijica Za Burmut \u2013 Ru\u010dno Oslikana"},"content":{"rendered":"<p>Zanimljiva i rijetka antikna kutijica za burmut s ru\u010dno oslikanim detaljima, na poklopcu ima rezbarene inicijale od mesinga. Period: Kraj 18. stolje\u0107a ili po\u010detak 19. stolje\u0107a.<\/p>\n<p>Dimenzije: 8 cm promjer, 2.5 cm visina.<\/p>\n<p>Stanje: U skladu s godinama i uporabom, staklo ispada, ostala o\u0161te\u0107enja su vidljiva na fotografijama.<\/p>","protected":false},"excerpt":{"rendered":"<p>Zanimljiva i rijetka antikna kutijica za burmut s ru\u010dno oslikanim detaljima, na poklopcu ima rezbarene inicijale od mesinga.<\/p>","protected":false},"featured_media":12430,"template":"","meta":[],"product_cat":[115],"product_tag":[294],"class_list":{"0":"post-12429","1":"product","2":"type-product","3":"status-publish","4":"has-post-thumbnail","6":"product_cat-ostalo","7":"product_tag-antikna-kutijica-za-burmut-rucno-oslikana","8":"description-off","10":"first","11":"outofstock","12":"shipping-taxable","13":"purchasable","14":"product-type-simple"},"_links":{"self":[{"href":"https:\/\/storia-antiqua.hr\/en\/wp-json\/wp\/v2\/product\/12429","targetHints":{"allow":["GET"]}}],"collection":[{"href":"https:\/\/storia-antiqua.hr\/en\/wp-json\/wp\/v2\/product"}],"about":[{"href":"https:\/\/storia-antiqua.hr\/en\/wp-json\/wp\/v2\/types\/product"}],"version-history":[{"count":0,"href":"https:\/\/storia-antiqua.hr\/en\/wp-json\/wp\/v2\/product\/12429\/revisions"}],"wp:featuredmedia":[{"embeddable":true,"href":"https:\/\/storia-antiqua.hr\/en\/wp-json\/wp\/v2\/media\/12430"}],"wp:attachment":[{"href":"https:\/\/storia-antiqua.hr\/en\/wp-json\/wp\/v2\/media?parent=12429"}],"wp:term":[{"taxonomy":"product_cat","embeddable":true,"href":"https:\/\/storia-antiqua.hr\/en\/wp-json\/wp\/v2\/product_cat?post=12429"},{"taxonomy":"product_tag","embeddable":true,"href":"https:\/\/storia-antiqua.hr\/en\/wp-json\/wp\/v2\/product_tag?post=12429"}],"curies":[{"name":"wp","href":"https:\/\/api.w.org\/{rel}","templated":true}]}}