{"id":12439,"date":"2024-12-13T15:16:46","date_gmt":"2024-12-13T15:16:46","guid":{"rendered":"https:\/\/storia-antiqua.hr\/?post_type=product&#038;p=12439"},"modified":"2025-04-14T14:41:16","modified_gmt":"2025-04-14T14:41:16","slug":"antikna-torbica-za-kovanice-tri-rucno-oslikane-minijature","status":"publish","type":"product","link":"https:\/\/storia-antiqua.hr\/en\/product\/antikna-torbica-za-kovanice-tri-rucno-oslikane-minijature\/","title":{"rendered":"Antikna Torbica Za Kovanice \u2013 Tri Ru\u010dno Oslikane Minijature"},"content":{"rendered":"<p>Prekrasna antikna torbica za kovanice s tri ru\u010dno oslikane minijature za\u0161ti\u0107ene stakalcima.<\/p>\n<p>Detalji:<\/p>\n<ul>\n<li>Vanjski dio izra\u0111en od mesinga i pli\u0161a.<\/li>\n<li>Na unutra\u0161njoj strani natpis &#8220;Brevet&#8221;.<\/li>\n<li>Razdoblje: 19. stolje\u0107e, Srednja Europa.<\/li>\n<li>Dimenzije: 10 cm x 8 cm.<\/li>\n<li>Stanje: U skladu s godinama i uporabom, unutra\u0161njost je o\u0161te\u0107ena. Molimo pogledati detaljno fotografije.<\/li>\n<\/ul>","protected":false},"excerpt":{"rendered":"<p>Prekrasna antikna torbica za kovanice s tri ru\u010dno oslikane minijature za\u0161ti\u0107ene stakalcima.<\/p>","protected":false},"featured_media":12440,"template":"","meta":[],"product_cat":[15],"product_tag":[],"class_list":{"0":"post-12439","1":"product","2":"type-product","3":"status-publish","4":"has-post-thumbnail","6":"product_cat-nekategorizirane","7":"description-off","9":"first","10":"outofstock","11":"shipping-taxable","12":"purchasable","13":"product-type-simple"},"_links":{"self":[{"href":"https:\/\/storia-antiqua.hr\/en\/wp-json\/wp\/v2\/product\/12439","targetHints":{"allow":["GET"]}}],"collection":[{"href":"https:\/\/storia-antiqua.hr\/en\/wp-json\/wp\/v2\/product"}],"about":[{"href":"https:\/\/storia-antiqua.hr\/en\/wp-json\/wp\/v2\/types\/product"}],"version-history":[{"count":0,"href":"https:\/\/storia-antiqua.hr\/en\/wp-json\/wp\/v2\/product\/12439\/revisions"}],"wp:featuredmedia":[{"embeddable":true,"href":"https:\/\/storia-antiqua.hr\/en\/wp-json\/wp\/v2\/media\/12440"}],"wp:attachment":[{"href":"https:\/\/storia-antiqua.hr\/en\/wp-json\/wp\/v2\/media?parent=12439"}],"wp:term":[{"taxonomy":"product_cat","embeddable":true,"href":"https:\/\/storia-antiqua.hr\/en\/wp-json\/wp\/v2\/product_cat?post=12439"},{"taxonomy":"product_tag","embeddable":true,"href":"https:\/\/storia-antiqua.hr\/en\/wp-json\/wp\/v2\/product_tag?post=12439"}],"curies":[{"name":"wp","href":"https:\/\/api.w.org\/{rel}","templated":true}]}}