{"id":12457,"date":"2024-12-13T15:18:06","date_gmt":"2024-12-13T15:18:06","guid":{"rendered":"https:\/\/storia-antiqua.hr\/?post_type=product&#038;p=12457"},"modified":"2024-12-13T15:18:06","modified_gmt":"2024-12-13T15:18:06","slug":"srebrna-narukvica-s-portretom-rucno-oslikana","status":"publish","type":"product","link":"https:\/\/storia-antiqua.hr\/en\/product\/srebrna-narukvica-s-portretom-rucno-oslikana\/","title":{"rendered":"Srebrna Narukvica S Portretom  Ru\u010dno Oslikana"},"content":{"rendered":"<p>Jedinstvena srebrna narukvica s ru\u010dno oslikanim portretom. Vjerojatno je izvorno bila sat koji je prera\u0111en u narukvicu.<\/p>\n<p>Stanje: Dobro, kori\u0161teno stanje, vidljivo na fotografijama. Srebro ima lijepu starosnu patinu.<\/p>","protected":false},"excerpt":{"rendered":"<p>Jedinstvena srebrna narukvica s ru\u010dno oslikanim portretom<\/p>","protected":false},"featured_media":12458,"template":"","meta":[],"product_cat":[48,115,53],"product_tag":[295],"class_list":{"0":"post-12457","1":"product","2":"type-product","3":"status-publish","4":"has-post-thumbnail","6":"product_cat-nakit","7":"product_cat-ostalo","8":"product_cat-srebro","9":"product_tag-srebrna-narukvica-s-portretom-rucno-oslikana","10":"description-off","12":"first","13":"instock","14":"shipping-taxable","15":"purchasable","16":"product-type-simple"},"_links":{"self":[{"href":"https:\/\/storia-antiqua.hr\/en\/wp-json\/wp\/v2\/product\/12457","targetHints":{"allow":["GET"]}}],"collection":[{"href":"https:\/\/storia-antiqua.hr\/en\/wp-json\/wp\/v2\/product"}],"about":[{"href":"https:\/\/storia-antiqua.hr\/en\/wp-json\/wp\/v2\/types\/product"}],"version-history":[{"count":0,"href":"https:\/\/storia-antiqua.hr\/en\/wp-json\/wp\/v2\/product\/12457\/revisions"}],"wp:featuredmedia":[{"embeddable":true,"href":"https:\/\/storia-antiqua.hr\/en\/wp-json\/wp\/v2\/media\/12458"}],"wp:attachment":[{"href":"https:\/\/storia-antiqua.hr\/en\/wp-json\/wp\/v2\/media?parent=12457"}],"wp:term":[{"taxonomy":"product_cat","embeddable":true,"href":"https:\/\/storia-antiqua.hr\/en\/wp-json\/wp\/v2\/product_cat?post=12457"},{"taxonomy":"product_tag","embeddable":true,"href":"https:\/\/storia-antiqua.hr\/en\/wp-json\/wp\/v2\/product_tag?post=12457"}],"curies":[{"name":"wp","href":"https:\/\/api.w.org\/{rel}","templated":true}]}}