{"id":12478,"date":"2024-12-13T15:22:21","date_gmt":"2024-12-13T15:22:21","guid":{"rendered":"https:\/\/storia-antiqua.hr\/?post_type=product&#038;p=12478"},"modified":"2024-12-13T15:22:21","modified_gmt":"2024-12-13T15:22:21","slug":"francuski-bros-18k-zlato-rucno-oslikani-portret","status":"publish","type":"product","link":"https:\/\/storia-antiqua.hr\/en\/product\/francuski-bros-18k-zlato-rucno-oslikani-portret\/","title":{"rendered":"Francuski Bro\u0161 18k Zlato Ru\u010dno Oslikani Portret"},"content":{"rendered":"<p>Prekrasan francuski zlatni bro\u0161 s ru\u010dno oslikanim portretom u emajlu, izra\u0111en s izuzetnom precizno\u0161\u0107u i detaljima.<\/p>\n<p>Detalji:<\/p>\n<ul>\n<li>Zlato 18K<\/li>\n<li>Razdoblje: 19. stolje\u0107e.<\/li>\n<li>Dimenzije: 2.8 cm x 2.2 cm.<\/li>\n<li>Stanje: Vrlo dobro o\u010duvan predmet, detalji vidljivi na fotografijama.<\/li>\n<\/ul>","protected":false},"excerpt":{"rendered":"<p>Prekrasan francuski zlatni bro\u0161 s ru\u010dno oslikanim portretom u emajlu, izra\u0111en s izuzetnom precizno\u0161\u0107u i detaljima.<\/p>","protected":false},"featured_media":12479,"template":"","meta":[],"product_cat":[97],"product_tag":[298],"class_list":{"0":"post-12478","1":"product","2":"type-product","3":"status-publish","4":"has-post-thumbnail","6":"product_cat-ikone","7":"product_tag-francuski-bros-18k-zlato-rucno-oslikani-portret","8":"description-off","10":"first","11":"instock","12":"shipping-taxable","13":"purchasable","14":"product-type-simple"},"_links":{"self":[{"href":"https:\/\/storia-antiqua.hr\/en\/wp-json\/wp\/v2\/product\/12478","targetHints":{"allow":["GET"]}}],"collection":[{"href":"https:\/\/storia-antiqua.hr\/en\/wp-json\/wp\/v2\/product"}],"about":[{"href":"https:\/\/storia-antiqua.hr\/en\/wp-json\/wp\/v2\/types\/product"}],"version-history":[{"count":0,"href":"https:\/\/storia-antiqua.hr\/en\/wp-json\/wp\/v2\/product\/12478\/revisions"}],"wp:featuredmedia":[{"embeddable":true,"href":"https:\/\/storia-antiqua.hr\/en\/wp-json\/wp\/v2\/media\/12479"}],"wp:attachment":[{"href":"https:\/\/storia-antiqua.hr\/en\/wp-json\/wp\/v2\/media?parent=12478"}],"wp:term":[{"taxonomy":"product_cat","embeddable":true,"href":"https:\/\/storia-antiqua.hr\/en\/wp-json\/wp\/v2\/product_cat?post=12478"},{"taxonomy":"product_tag","embeddable":true,"href":"https:\/\/storia-antiqua.hr\/en\/wp-json\/wp\/v2\/product_tag?post=12478"}],"curies":[{"name":"wp","href":"https:\/\/api.w.org\/{rel}","templated":true}]}}