{"id":12516,"date":"2024-12-13T15:27:25","date_gmt":"2024-12-13T15:27:25","guid":{"rendered":"https:\/\/storia-antiqua.hr\/?post_type=product&#038;p=12516"},"modified":"2024-12-13T15:27:25","modified_gmt":"2024-12-13T15:27:25","slug":"becka-broncana-lampa-potpisana-k-chadek","status":"publish","type":"product","link":"https:\/\/storia-antiqua.hr\/en\/product\/becka-broncana-lampa-potpisana-k-chadek\/","title":{"rendered":"Be\u010dka Bron\u010dana Lampa Potpisana K. Chadek"},"content":{"rendered":"<p>Antikna lampa od Be\u010dke bronce iz 19. stolje\u0107a, Be\u010d, Austrija, potpisana od strane K. Chadek. Prekrasan primjer austrijskog majstorstva iz 19. stolje\u0107a, idealan za kolekcionare i ljubitelje be\u010dke bronce. Dimenzije: 44 cm visina, 27 cm promjer \u0161irma.<\/p>\n<p>Stanje: Jedan rog na jelenovoj figuri je o\u0161te\u0107en, dok je ostatak lampe dobro o\u010duvan<\/p>","protected":false},"excerpt":{"rendered":"<p>Antikna lampa od Be\u010dke bronce iz 19. stolje\u0107a, Be\u010d, Austrija, potpisana od strane K. Chadek.<\/p>","protected":false},"featured_media":12517,"template":"","meta":[],"product_cat":[115],"product_tag":[302],"class_list":{"0":"post-12516","1":"product","2":"type-product","3":"status-publish","4":"has-post-thumbnail","6":"product_cat-ostalo","7":"product_tag-becka-broncana-lampa-potpisana-k-chadek","8":"description-off","10":"first","11":"instock","12":"shipping-taxable","13":"purchasable","14":"product-type-simple"},"_links":{"self":[{"href":"https:\/\/storia-antiqua.hr\/en\/wp-json\/wp\/v2\/product\/12516","targetHints":{"allow":["GET"]}}],"collection":[{"href":"https:\/\/storia-antiqua.hr\/en\/wp-json\/wp\/v2\/product"}],"about":[{"href":"https:\/\/storia-antiqua.hr\/en\/wp-json\/wp\/v2\/types\/product"}],"version-history":[{"count":0,"href":"https:\/\/storia-antiqua.hr\/en\/wp-json\/wp\/v2\/product\/12516\/revisions"}],"wp:featuredmedia":[{"embeddable":true,"href":"https:\/\/storia-antiqua.hr\/en\/wp-json\/wp\/v2\/media\/12517"}],"wp:attachment":[{"href":"https:\/\/storia-antiqua.hr\/en\/wp-json\/wp\/v2\/media?parent=12516"}],"wp:term":[{"taxonomy":"product_cat","embeddable":true,"href":"https:\/\/storia-antiqua.hr\/en\/wp-json\/wp\/v2\/product_cat?post=12516"},{"taxonomy":"product_tag","embeddable":true,"href":"https:\/\/storia-antiqua.hr\/en\/wp-json\/wp\/v2\/product_tag?post=12516"}],"curies":[{"name":"wp","href":"https:\/\/api.w.org\/{rel}","templated":true}]}}