{"id":12535,"date":"2024-12-13T15:28:42","date_gmt":"2024-12-13T15:28:42","guid":{"rendered":"https:\/\/storia-antiqua.hr\/?post_type=product&#038;p=12535"},"modified":"2024-12-13T15:29:02","modified_gmt":"2024-12-13T15:29:02","slug":"breitling-muski-rucni-sat-pozlaceni-kronograf","status":"publish","type":"product","link":"https:\/\/storia-antiqua.hr\/en\/product\/breitling-muski-rucni-sat-pozlaceni-kronograf\/","title":{"rendered":"Breitling Mu\u0161ki Ru\u010dni Sat \u2013 Pozla\u0107eni Kronograf"},"content":{"rendered":"<p>Klasi\u010dni Breitling mu\u0161ki ru\u010dni sat, pozla\u0107eni kronograf iz razdoblja 1940-ih do 1950-ih godina. Potpisan na mehanizmu. Elegantan sat s povijesnom vrijedno\u0161\u0107u, idealan za kolekcionare satova i ljubitelje Breitlinga.<\/p>\n<p>Stanje: Pozlata djelomi\u010dno istro\u0161ena. Za dodatne detalje o stanju pogledajte fotografije.<\/p>","protected":false},"excerpt":{"rendered":"<p>Klasi\u010dni Breitling mu\u0161ki ru\u010dni sat, pozla\u0107eni kronograf iz razdoblja 1940-ih do 1950-ih godina. Potpisan na mehanizmu.<\/p>","protected":false},"featured_media":12536,"template":"","meta":[],"product_cat":[46],"product_tag":[303],"class_list":{"0":"post-12535","1":"product","2":"type-product","3":"status-publish","4":"has-post-thumbnail","6":"product_cat-satovi","7":"product_tag-breitling-muski-rucni-sat-pozlaceni-kronograf","8":"description-off","10":"first","11":"instock","12":"shipping-taxable","13":"purchasable","14":"product-type-simple"},"_links":{"self":[{"href":"https:\/\/storia-antiqua.hr\/en\/wp-json\/wp\/v2\/product\/12535","targetHints":{"allow":["GET"]}}],"collection":[{"href":"https:\/\/storia-antiqua.hr\/en\/wp-json\/wp\/v2\/product"}],"about":[{"href":"https:\/\/storia-antiqua.hr\/en\/wp-json\/wp\/v2\/types\/product"}],"version-history":[{"count":0,"href":"https:\/\/storia-antiqua.hr\/en\/wp-json\/wp\/v2\/product\/12535\/revisions"}],"wp:featuredmedia":[{"embeddable":true,"href":"https:\/\/storia-antiqua.hr\/en\/wp-json\/wp\/v2\/media\/12536"}],"wp:attachment":[{"href":"https:\/\/storia-antiqua.hr\/en\/wp-json\/wp\/v2\/media?parent=12535"}],"wp:term":[{"taxonomy":"product_cat","embeddable":true,"href":"https:\/\/storia-antiqua.hr\/en\/wp-json\/wp\/v2\/product_cat?post=12535"},{"taxonomy":"product_tag","embeddable":true,"href":"https:\/\/storia-antiqua.hr\/en\/wp-json\/wp\/v2\/product_tag?post=12535"}],"curies":[{"name":"wp","href":"https:\/\/api.w.org\/{rel}","templated":true}]}}