{"id":12613,"date":"2025-01-17T09:36:08","date_gmt":"2025-01-17T09:36:08","guid":{"rendered":"https:\/\/storia-antiqua.hr\/?post_type=product&#038;p=12613"},"modified":"2025-01-17T09:36:08","modified_gmt":"2025-01-17T09:36:08","slug":"burmutica-rucno-oslikana-minijatura","status":"publish","type":"product","link":"https:\/\/storia-antiqua.hr\/en\/product\/burmutica-rucno-oslikana-minijatura\/","title":{"rendered":"Burmutica Ru\u010dno Oslikana Minijatura"},"content":{"rendered":"<p>Fino izra\u0111ena kutija za burmut, s ru\u010dno oslikanom minijaturom ispod stakla, uokvirenom zlatom. Vjerojatno potje\u010de iz Srednje Europe i datira iz prve polovice 19. stolje\u0107a.<\/p>\n<p>Detalji:<\/p>\n<ul>\n<li>Materijal: Zlatni okvir s ru\u010dno oslikanom minijaturom ispod stakla.<\/li>\n<li>Dimenzije: Promjer 7 cm, visina 2,2 cm.<\/li>\n<li>Stanje: Minijatura ima o\u0161te\u0107enje, s manjim nedostaju\u0107im dijelom, \u0161to je vidljivo na fotografijama.<\/li>\n<\/ul>\n<p>Jedinstven i kolekcionarski vrijedan antikvitet, idealan za ljubitelje povijesnih kutija za burmut i minijaturne umjetnosti.<\/p>","protected":false},"excerpt":{"rendered":"<p>Fino izra\u0111ena kutija za burmut, s ru\u010dno oslikanom minijaturom ispod stakla, uokvirenom zlatom. Vjerojatno potje\u010de iz Srednje Europe i datira iz prve polovice 19. stolje\u0107a.<\/p>","protected":false},"featured_media":12615,"template":"","meta":[],"product_cat":[115],"product_tag":[308],"class_list":{"0":"post-12613","1":"product","2":"type-product","3":"status-publish","4":"has-post-thumbnail","6":"product_cat-ostalo","7":"product_tag-burmutica-rucno-oslikana-minijatura","8":"description-off","10":"first","11":"instock","12":"shipping-taxable","13":"purchasable","14":"product-type-simple"},"_links":{"self":[{"href":"https:\/\/storia-antiqua.hr\/en\/wp-json\/wp\/v2\/product\/12613","targetHints":{"allow":["GET"]}}],"collection":[{"href":"https:\/\/storia-antiqua.hr\/en\/wp-json\/wp\/v2\/product"}],"about":[{"href":"https:\/\/storia-antiqua.hr\/en\/wp-json\/wp\/v2\/types\/product"}],"version-history":[{"count":0,"href":"https:\/\/storia-antiqua.hr\/en\/wp-json\/wp\/v2\/product\/12613\/revisions"}],"wp:featuredmedia":[{"embeddable":true,"href":"https:\/\/storia-antiqua.hr\/en\/wp-json\/wp\/v2\/media\/12615"}],"wp:attachment":[{"href":"https:\/\/storia-antiqua.hr\/en\/wp-json\/wp\/v2\/media?parent=12613"}],"wp:term":[{"taxonomy":"product_cat","embeddable":true,"href":"https:\/\/storia-antiqua.hr\/en\/wp-json\/wp\/v2\/product_cat?post=12613"},{"taxonomy":"product_tag","embeddable":true,"href":"https:\/\/storia-antiqua.hr\/en\/wp-json\/wp\/v2\/product_tag?post=12613"}],"curies":[{"name":"wp","href":"https:\/\/api.w.org\/{rel}","templated":true}]}}